{"id":1009,"date":"2016-08-01T14:50:50","date_gmt":"2016-08-01T14:50:50","guid":{"rendered":"https:\/\/litarsa.com\/?page_id=6"},"modified":"2018-07-31T15:33:44","modified_gmt":"2018-07-31T15:33:44","slug":"empresa","status":"publish","type":"page","link":"https:\/\/litarsa.com\/es\/empresa\/","title":{"rendered":"Empresa"},"content":{"rendered":"<p>Litarsa es una empresa constituida en la Provincia de Salta y producto del esfuerzo conjunto de un grupo de individuos que apuestan al desarrollo de nuevas energ\u00edas. Con la mirada centrada en ese futuro incipiente, hemos reclutado a los mejores profesionales del sector, estableciendo al mismo tiempo un estrecho vinculo con las comunidades aleda\u00f1as, creando la sinergia necesaria para convertir nuestro proyecto en un desarrollo integrado que involucre a todos los actores esenciales, garantizando de esta manera un avance sin obst\u00e1culos y generando beneficios mutuos y colectivos.<\/p>\n<p>En <strong>Litarsa<\/strong> sabemos de la importancia de lograr productos manufacturados de industria nacional, hoy somos el \u00fanico emprendimiento que apunta al refinamiento del carbonato de litio para ser utilizado en la elaboraci\u00f3n de bater\u00edas de almacenamiento energ\u00e9tico, para esto nos encontramos en el proceso de establecer alianzas estrat\u00e9gicas a nivel global.<\/p>\n<p>La estructuraci\u00f3n de un grupo humano con la capacidad de coordinar esfuerzos mancomunados otorga las garant\u00edas de \u00e9xito que el proyecto demanda.<\/p>\n<p>Litarsa esta direccionada a convertirse en la empresa nacional l\u00edder dentro del sector, generando fuentes de trabajo estables, desarrollos constantes en el \u00e1rea de investigaci\u00f3n cient\u00edfica, y promoviendo un crecimiento sostenido en el tiempo.<\/p>\n<p>En Litarsa las metas no se definen a futuro, se cumplen d\u00eda a d\u00eda, creando las condiciones que nos lleven al pr\u00f3ximo nivel de superaci\u00f3n.<\/p>\n","protected":false},"excerpt":{"rendered":"<p>Litarsa es una empresa constituida en la Provincia de Salta y producto del esfuerzo conjunto de un grupo de individuos que apuestan al desarrollo de nuevas<span class=\"excerpt-hellip\"> [\u2026]<\/span><\/p>\n","protected":false},"author":2,"featured_media":0,"parent":0,"menu_order":0,"comment_status":"closed","ping_status":"closed","template":"","meta":{"footnotes":""},"class_list":["post-1009","page","type-page","status-publish","hentry"],"_links":{"self":[{"href":"https:\/\/litarsa.com\/es\/wp-json\/wp\/v2\/pages\/1009","targetHints":{"allow":["GET"]}}],"collection":[{"href":"https:\/\/litarsa.com\/es\/wp-json\/wp\/v2\/pages"}],"about":[{"href":"https:\/\/litarsa.com\/es\/wp-json\/wp\/v2\/types\/page"}],"author":[{"embeddable":true,"href":"https:\/\/litarsa.com\/es\/wp-json\/wp\/v2\/users\/2"}],"replies":[{"embeddable":true,"href":"https:\/\/litarsa.com\/es\/wp-json\/wp\/v2\/comments?post=1009"}],"version-history":[{"count":7,"href":"https:\/\/litarsa.com\/es\/wp-json\/wp\/v2\/pages\/1009\/revisions"}],"predecessor-version":[{"id":1339,"href":"https:\/\/litarsa.com\/es\/wp-json\/wp\/v2\/pages\/1009\/revisions\/1339"}],"wp:attachment":[{"href":"https:\/\/litarsa.com\/es\/wp-json\/wp\/v2\/media?parent=1009"}],"curies":[{"name":"wp","href":"https:\/\/api.w.org\/{rel}","templated":true}]}}