{"id":1037,"date":"2018-02-27T13:30:15","date_gmt":"2018-02-27T13:30:15","guid":{"rendered":"https:\/\/litarsa.com\/?page_id=1037"},"modified":"2018-07-31T14:40:17","modified_gmt":"2018-07-31T14:40:17","slug":"mision","status":"publish","type":"page","link":"https:\/\/litarsa.com\/es\/empresa\/mision\/","title":{"rendered":"Misi\u00f3n"},"content":{"rendered":"<p>En Litarsa nuestros recursos humanos son los embajadores de nuestros Valores.<\/p>\n<h4><strong>Nuestros Valores<\/strong><\/h4>\n<p><strong>Seguridad<\/strong><br \/>\nNuestra m\u00e1xima prioridad en el lugar de trabajo es proteger la salud y el bienestar de nuestra gente. Adoptamos un enfoque proactivo en las \u00e1reas de salud y seguridad. Por ello, nuestro objetivo es introducir mejoras continuas para evitar lesiones y enfermedades laborales.<\/p>\n<p><strong>Esp\u00edritu empresarial<\/strong><br \/>\nNuestro enfoque fomenta en nuestra gente el m\u00e1s alto nivel de profesionalismo, responsabilidad personal y esp\u00edritu empresarial, pero sin poner en riesgo su seguridad y bienestar. Este aspecto es importante para nuestro \u00e9xito y para lograr los rendimientos superiores que pretendemos alcanzar para todos nuestros grupos de inter\u00e9s.<\/p>\n<p><strong>Simplicidad<\/strong><br \/>\nAspiramos a alcanzar nuestros objetivos principales de manera eficaz, con miras a conseguir rendimientos l\u00edderes en la industria, pero sin dejar de centrarnos en la excelencia, la calidad, la sostenibilidad y la mejora continua en todo lo que hacemos.<br \/>\nResponsabilidad<br \/>\nReconocemos que nuestras actividades pueden repercutir en la sociedad y el medio ambiente. Nos preocupamos enormemente por nuestro desempe\u00f1o en lo que respecta a la protecci\u00f3n del medio ambiente, los derechos humanos, la salud y la seguridad.<\/p>\n<p><strong>Transparencia<\/strong><br \/>\nValoramos las relaciones y comunicaci\u00f3n abiertas con nuestra gente, los clientes, los proveedores, los gobiernos y la sociedad en general, siempre basadas en la integridad, la cooperaci\u00f3n, la transparencia y el beneficio mutuo.<\/p>\n","protected":false},"excerpt":{"rendered":"<p>En Litarsa nuestros recursos humanos son los embajadores de nuestros Valores. Nuestros Valores Seguridad Nuestra m\u00e1xima prioridad en el lugar de trabajo es proteger la salud<span class=\"excerpt-hellip\"> [\u2026]<\/span><\/p>\n","protected":false},"author":4,"featured_media":0,"parent":1009,"menu_order":0,"comment_status":"closed","ping_status":"closed","template":"","meta":{"footnotes":""},"class_list":["post-1037","page","type-page","status-publish","hentry"],"_links":{"self":[{"href":"https:\/\/litarsa.com\/es\/wp-json\/wp\/v2\/pages\/1037","targetHints":{"allow":["GET"]}}],"collection":[{"href":"https:\/\/litarsa.com\/es\/wp-json\/wp\/v2\/pages"}],"about":[{"href":"https:\/\/litarsa.com\/es\/wp-json\/wp\/v2\/types\/page"}],"author":[{"embeddable":true,"href":"https:\/\/litarsa.com\/es\/wp-json\/wp\/v2\/users\/4"}],"replies":[{"embeddable":true,"href":"https:\/\/litarsa.com\/es\/wp-json\/wp\/v2\/comments?post=1037"}],"version-history":[{"count":10,"href":"https:\/\/litarsa.com\/es\/wp-json\/wp\/v2\/pages\/1037\/revisions"}],"predecessor-version":[{"id":1466,"href":"https:\/\/litarsa.com\/es\/wp-json\/wp\/v2\/pages\/1037\/revisions\/1466"}],"up":[{"embeddable":true,"href":"https:\/\/litarsa.com\/es\/wp-json\/wp\/v2\/pages\/1009"}],"wp:attachment":[{"href":"https:\/\/litarsa.com\/es\/wp-json\/wp\/v2\/media?parent=1037"}],"curies":[{"name":"wp","href":"https:\/\/api.w.org\/{rel}","templated":true}]}}