{"id":1045,"date":"2018-02-27T13:33:46","date_gmt":"2018-02-27T13:33:46","guid":{"rendered":"https:\/\/litarsa.com\/?page_id=1045"},"modified":"2018-07-31T15:42:26","modified_gmt":"2018-07-31T15:42:26","slug":"historia-del-litio","status":"publish","type":"page","link":"https:\/\/litarsa.com\/es\/industria\/historia-del-litio\/","title":{"rendered":"Historia del Litio"},"content":{"rendered":"<p><strong>La historia del litio<\/strong><\/p>\n<p>El litio fue descubierto por <a href=\"https:\/\/es.wikipedia.org\/wiki\/Johann_Arfvedson\" target=\"_blank\" rel=\"noopener\">Johann Arfvedson<\/a> en 1817. Arfvedson encontr\u00f3 el nuevo elemento en la espodumena y lepidolita de una mina de petalita, LiAl (Si2O5)2, de la isla Ut\u00f6 (Suecia) que estaba analizando. En 1818 C.G. Gmelin fue el primero en observar que las sales de litio tornan la llama de un color rojo brillante. Ambos intentaron, sin \u00e9xito, aislar el elemento de sus sales, lo que finalmente consiguieron W.T. Brande y Sir Humphrey Davy mediante electr\u00f3lisis del \u00f3xido de litio.<\/p>\n<p>En El elemento qu\u00edmico litio fue descubierto en 1817 y, este a\u00f1o de 2017, se cumple el bicentenario desde que fue dado a conocer por primera vez en Suecia.<br \/>\nSin embargo ya los antiguos griegos sospecharon de que algo hab\u00eda en las aguas termales que resultaban ben\u00e9ficas y tranquilizantes especialmente para personas que sufr\u00edan des\u00f3rdenes mentales.<br \/>\nTal vez sea pura curiosidad pero es probable que fuese Soranus de \u00c9feso (d. C. 98 al 138) quien, quiz\u00e1s por accidente, descubri\u00f3 el uso del litio para el tratamiento de man\u00edas y melancol\u00edas, ya que en el segundo siglo de la era cristiana, trataba pacientes afectados por enfermedades mentales con aguas alcalinas de \u00c9feso que tienen contenidos altos de litio.<br \/>\nBa\u00f1arse en piscinas minerales y beber aguas minerales, han sido tratamientos populares para promover tanto la salud mental como la f\u00edsica.<br \/>\nLo anterior no deja de ser anecd\u00f3tico. Ahora bien, el autor del hallazgo del elemento litio fue el qu\u00edmico y mineralogista sueco Johan August Arfwedson Holtermann (1792-1841).<br \/>\nArfwedson o Arfvedson naci\u00f3 en Skagersholms Bruk el 12 de enero de 1792 y falleci\u00f3 en Hedenso el 28 de octubre de 1841, a los 49 a\u00f1os de edad.<br \/>\nArfvedson proven\u00eda de una familia rica y era hijo del pr\u00f3spero comerciante Jacob Arfwedson y su esposa Anna Elisabeth Holtermann.<br \/>\nPor el hecho de venir de una familia acomodada pudo ingresar muy joven en la universidad de Upsala donde ya aparece matriculado en 1803 a los 11 a\u00f1os de edad, habi\u00e9ndose graduado en leyes en 1809 y como mineralogista en 1812.<br \/>\nA los 20 a\u00f1os ya contaba con una carrera profesional que le permiti\u00f3 ingresar en la Oficina Real de Minas de Suecia, en Estocolmo.<br \/>\nFue en esta \u00faltima ciudad en que una feliz circunstancia lo puso en contacto con el qu\u00edmico y sabio Jons Jakob Berzelius (1779-1848), considerado el padre de la qu\u00edmica en Suecia y uno de los padres fundadores de la qu\u00edmica moderna.<br \/>\nA diferencia de Arfvedson, Berzelius qued\u00f3 hu\u00e9rfano de ambos padres a temprana edad y a cargo de familiares.<br \/>\nFueron sus condiciones innatas, demostradas desde ni\u00f1o, lo que le llevaron a ocupar los m\u00e1s altos puestos en la ciencia sueca y universal.<br \/>\nBerzelius contaba con un importante laboratorio qu\u00edmico donde concurr\u00edan varios de sus disc\u00edpulos.<br \/>\nEn ese laboratorio se descubrieron elementos qu\u00edmicos como el selenio, torio y cerio. Fue el primero en aislar el silicio, el circonio y el titanio.<br \/>\nAdem\u00e1s se redescubri\u00f3 y se puso nombre al vanadio, elemento que fuera primero identificado en M\u00e9xico por el espa\u00f1ol Andr\u00e9s Manuel del R\u00edo.<br \/>\nArfvedson, descubri\u00f3 un nuevo elemento qu\u00edmico mientras estudiaba el mineral petalita.<br \/>\nDice Berzelius \u201cEl Sr. August Arfwedson, un qu\u00edmico joven y muy meritorio, que ha trabajado en mi laboratorio durante un a\u00f1o, descubri\u00f3 durante un an\u00e1lisis de petalita de la mina de hierro de Uto, un componente alcalino.<br \/>\nLo llamamos \u201clithion\u201d, para aludir as\u00ed a su primer descubrimiento en el reino mineral, ya que los otros dos fueron descubiertos por primera vez en la naturaleza org\u00e1nica.<br \/>\nSu radical se denominar\u00e1 \u201clithium\u201d (Journal for Chemie und Physik, 21: 4448, 1817).<br \/>\nQueda claro que el autor del nombre fue Berzelius que le dio el cr\u00e9dito a su disc\u00edpulo como descubridor.<br \/>\nLa designaci\u00f3n litio toma su ra\u00edz del griego \u201clithos\u201d, o sea etimol\u00f3gicamente roca.<br \/>\nEs interesante destacar que el hallazgo original del litio se logr\u00f3 del mineral petalita procedente de pegmatitas de 2000 millones de a\u00f1os de antig\u00fcedad de la mina Uto en Suecia.<br \/>\nLa petalita y el espodumeno, junto a otros minerales, hab\u00edan sido identificados all\u00ed en 1800 por el sabio brasile\u00f1o Jos\u00e9 Bonifacio de Andrada y Silva (1763-1838), quien estudi\u00f3 geolog\u00eda y mineralog\u00eda en la famosa Academia de Minas de Freiberg bajo la direcci\u00f3n de Abraham G. Werner.<br \/>\nAndrada y Silva fue uno de los padres de la independencia de Brasil.<br \/>\nEl litio fue identificado m\u00e1s tarde en el espodumeno y la lepidolita, todos minenerales procedentes de rocas pegmat\u00edticas.<br \/>\nLos nombres de Arfvedson y Berzelius han quedado as\u00ed unidos al hallazgo de este importante elemento qu\u00edmico de notables aplicaciones tecnol\u00f3gicas modernas.<br \/>\nArfvedson y Berzelius son recordados adem\u00e1s por haber recibido sendos nombres de minerales como el anf\u00edbol arfvedsonita (aluminosilicato de sodio y hierro) descubierto en 1823 en Groenlandia por Henry James Brooke (17711857); y la berzelianita (seleniuro de cobre) descubierto en Kalmar (Suecia) y descripta en 1832 por el mineralogista y ge\u00f3logo franc\u00e9s Francois S. Beudant (1787-1850).<br \/>\nArfvedson y Berzelius tienen as\u00ed el cr\u00e9dito de haber descubierto una sal de litio a partir de la petalita y haber dado el nombre al elemento litio.<br \/>\nLo que no pudieron hacer fue aislar al elemento qu\u00edmico.<br \/>\nEsta tarea la lograron un a\u00f1o despu\u00e9s, en 1818, los qu\u00edmicos brit\u00e1nicos William Thomas Brande (1788-1866) y Sir Humphry Davy (1778-1829) quienes a trav\u00e9s de la electr\u00f3lisis del \u00f3xido de litio lograron finalmente separar el elemento y estudiar sus propiedades.<br \/>\nEl litio result\u00f3 ser un metal alcalino, blanco plata, blando y muy ligero, al punto que es el metal m\u00e1s liviano.<br \/>\nEs altamente reactivo e inflamable por lo que debe conservarse en aceite mineral. Adem\u00e1s flota sobre los l\u00edquidos.<br \/>\nPor sus caracter\u00edsticas nunca ocurre libre en la naturaleza sino en minerales en rocas o en forma de iones en las aguas continentales o marinas.<br \/>\nEl litio reconoce entonces a cuatro descubridores, los suecos Arfvedson y Berzelius as\u00ed como los brit\u00e1nicos Brande y Davy; aunque es el primero el que figura como tal en la historia de la Qu\u00edmica.<br \/>\nComo se dijo al principio Soranus de \u00c9feso, m\u00e9dico griego, prest\u00f3 atenci\u00f3n a que ciertas aguas curaban o al menos aliviaban a pacientes con des\u00f3rdenes mentales.<br \/>\nPrecisamente la regi\u00f3n de Anatolia se caracteriza por poseer los yacimientos m\u00e1s ricos del mundo de boratos.<br \/>\nLas aguas que formaron esos dep\u00f3sitos en la actual Turqu\u00eda son ricas en boro y en litio.<br \/>\nEsto que los griegos sospechaban sin saber a qu\u00e9 atribuirlo va a encontrar una respuesta a mediados del siglo XX por parte del m\u00e9dico australiano John Frederick Cade (1912-1980).<br \/>\nCade descubri\u00f3 que el carbonato de litio era una medicaci\u00f3n eficaz en el tratamiento del desorden bipolar o man\u00edaco depresivo, en una \u00e9poca en que los tratamientos de enfermedades mentales se realizaban con terapias de shocks el\u00e9ctricos o lobotom\u00edas.<br \/>\nEs interesante saber que el Dr. Cade estuvo como prisionero de guerra en un terrible campo de concentraci\u00f3n japon\u00e9s en Singapur.<br \/>\nSufri\u00f3 all\u00ed toda clase de penurias junto a los dem\u00e1s prisioneros, muchos de los cuales perd\u00edan la raz\u00f3n, asunto que lo llev\u00f3 a interesarse profundamente en las cuestiones psiqui\u00e1tricas.<br \/>\nAl finalizar la Segunda Guerra Mundial se dedic\u00f3 a experimentar con ratones de guinea (cuises).<br \/>\nLa idea original era que hab\u00eda una relaci\u00f3n entre la urea, el \u00e1cido \u00farico y los pacientes man\u00edacos.<br \/>\nBuscando un solvente agreg\u00f3 litio y se percat\u00f3 que hab\u00eda un comportamiento diferente en los ratones que se mostraban calmos antes que excitados.<br \/>\nProsigui\u00f3 cuidadosamente la aplicaci\u00f3n de litio en diversas dosis, incluso aplic\u00e1ndosela \u00e9l mismo, hasta que logr\u00f3 lo que buscaba. Fue una extraordinaria casualidad.<br \/>\nPublic\u00f3 los resultados en 1949 en el Medical Journal of Australia, un trabajo ahora cl\u00e1sico, titulado \u201cSales de litio en el tratamiento de las excitaciones psic\u00f3ticas\u201d.<br \/>\nDesde entonces las sales de litio se han estado usando en medicamentos contra los des\u00f3rdenes bipolares en todo el mundo y constituyen uno de los usos frecuentes del carbonato de litio.<br \/>\nLas dem\u00e1s aplicaciones son en bater\u00edas, lubricantes, cer\u00e1micas, vidrios especiales, aleaciones livianas, entre muchas otras.<br \/>\nEn 200 a\u00f1os el litio se ha convertido desde una curiosidad de la qu\u00edmica en el siglo XIX a un soporte de la tecnolog\u00eda del siglo XXI.<\/p>\n","protected":false},"excerpt":{"rendered":"<p>La historia del litio El litio fue descubierto por Johann Arfvedson en 1817. Arfvedson encontr\u00f3 el nuevo elemento en la espodumena y lepidolita de una mina<span class=\"excerpt-hellip\"> [\u2026]<\/span><\/p>\n","protected":false},"author":4,"featured_media":0,"parent":1043,"menu_order":0,"comment_status":"closed","ping_status":"closed","template":"","meta":{"footnotes":""},"class_list":["post-1045","page","type-page","status-publish","hentry"],"_links":{"self":[{"href":"https:\/\/litarsa.com\/es\/wp-json\/wp\/v2\/pages\/1045","targetHints":{"allow":["GET"]}}],"collection":[{"href":"https:\/\/litarsa.com\/es\/wp-json\/wp\/v2\/pages"}],"about":[{"href":"https:\/\/litarsa.com\/es\/wp-json\/wp\/v2\/types\/page"}],"author":[{"embeddable":true,"href":"https:\/\/litarsa.com\/es\/wp-json\/wp\/v2\/users\/4"}],"replies":[{"embeddable":true,"href":"https:\/\/litarsa.com\/es\/wp-json\/wp\/v2\/comments?post=1045"}],"version-history":[{"count":8,"href":"https:\/\/litarsa.com\/es\/wp-json\/wp\/v2\/pages\/1045\/revisions"}],"predecessor-version":[{"id":1481,"href":"https:\/\/litarsa.com\/es\/wp-json\/wp\/v2\/pages\/1045\/revisions\/1481"}],"up":[{"embeddable":true,"href":"https:\/\/litarsa.com\/es\/wp-json\/wp\/v2\/pages\/1043"}],"wp:attachment":[{"href":"https:\/\/litarsa.com\/es\/wp-json\/wp\/v2\/media?parent=1045"}],"curies":[{"name":"wp","href":"https:\/\/api.w.org\/{rel}","templated":true}]}}