{"id":1053,"date":"2018-02-27T13:35:44","date_gmt":"2018-02-27T13:35:44","guid":{"rendered":"https:\/\/litarsa.com\/?page_id=1053"},"modified":"2018-07-31T14:50:09","modified_gmt":"2018-07-31T14:50:09","slug":"proyectos","status":"publish","type":"page","link":"https:\/\/litarsa.com\/es\/proyectos\/","title":{"rendered":"Proyectos"},"content":{"rendered":"<p>Litarsa ha iniciado dos proyectos simult\u00e1neos dentro de su planificaci\u00f3n estrat\u00e9gica corporativa, el primero apunta a la puesta en marcha del Proyecto Belenus, en donde ya se ejecutan todas las tareas exploratorias y t\u00e9cnicas destinadas a la explotaci\u00f3n de las \u00e1reas adjudicadas en el mundialmente conocido Salar de Diablillos, al mismo tiempo estamos en el proceso de construcci\u00f3n de una planta industrial en la Provincia de Salta, en donde se llevara adelante el proceso de manufacturas de bater\u00edas de litio de almacenamiento destinadas al mercado local y global, convirtiendo de esta manera a Litarsa en la \u00fanica empresa con un plan dual estrat\u00e9gico que nos ponga en la delantera del desarrollo de nuevas energ\u00edas.<\/p>\n<p>&nbsp;<\/p>\n<h2 style=\"text-align: center;\"><strong>Proyectos<\/strong><\/h2>\n<p>&nbsp;<\/p>\n<div class=\"column one-second\"><br \/>\n<a href=\"https:\/\/litarsa.com\/wp-content\/uploads\/2018\/03\/img_diablillos.png\"><img loading=\"lazy\" decoding=\"async\" class=\"wp-image-1187 size-full aligncenter\" src=\"https:\/\/litarsa.com\/wp-content\/uploads\/2018\/03\/img_diablillos.png\" alt=\"\" width=\"448\" height=\"209\" srcset=\"https:\/\/litarsa.com\/wp-content\/uploads\/2018\/03\/img_diablillos.png 448w, https:\/\/litarsa.com\/wp-content\/uploads\/2018\/03\/img_diablillos-300x140.png 300w, https:\/\/litarsa.com\/wp-content\/uploads\/2018\/03\/img_diablillos-200x93.png 200w, https:\/\/litarsa.com\/wp-content\/uploads\/2018\/03\/img_diablillos-400x187.png 400w\" sizes=\"auto, (max-width: 448px) 100vw, 448px\" \/><\/a><\/p>\n<h3 style=\"text-align: center;\"><a href=\"https:\/\/litarsa.com\/proyectos\/proyecto-diablillos\/\">Proyecto Belenus<\/a><\/h3>\n<p><\/div>\n\n<div class=\"column one-second\"><br \/>\n<a href=\"https:\/\/litarsa.com\/wp-content\/uploads\/2018\/03\/img_litio.png\"><img loading=\"lazy\" decoding=\"async\" class=\"size-full wp-image-1188 aligncenter\" src=\"https:\/\/litarsa.com\/wp-content\/uploads\/2018\/03\/img_litio.png\" alt=\"\" width=\"448\" height=\"209\" srcset=\"https:\/\/litarsa.com\/wp-content\/uploads\/2018\/03\/img_litio.png 448w, https:\/\/litarsa.com\/wp-content\/uploads\/2018\/03\/img_litio-300x140.png 300w, https:\/\/litarsa.com\/wp-content\/uploads\/2018\/03\/img_litio-200x93.png 200w, https:\/\/litarsa.com\/wp-content\/uploads\/2018\/03\/img_litio-400x187.png 400w\" sizes=\"auto, (max-width: 448px) 100vw, 448px\" \/><\/a><\/p>\n<h3 style=\"text-align: center;\"><a href=\"https:\/\/litarsa.com\/proyectos\/desarrollo-baterias-de-litio\/\">Desarrollo de Bater\u00edas de Litio<\/a><\/h3>\n<p><\/div>\n\n","protected":false},"excerpt":{"rendered":"<p>Litarsa ha iniciado dos proyectos simult\u00e1neos dentro de su planificaci\u00f3n estrat\u00e9gica corporativa, el primero apunta a la puesta en marcha del Proyecto Belenus, en donde ya<span class=\"excerpt-hellip\"> [\u2026]<\/span><\/p>\n","protected":false},"author":4,"featured_media":0,"parent":0,"menu_order":0,"comment_status":"closed","ping_status":"closed","template":"","meta":{"footnotes":""},"class_list":["post-1053","page","type-page","status-publish","hentry"],"_links":{"self":[{"href":"https:\/\/litarsa.com\/es\/wp-json\/wp\/v2\/pages\/1053","targetHints":{"allow":["GET"]}}],"collection":[{"href":"https:\/\/litarsa.com\/es\/wp-json\/wp\/v2\/pages"}],"about":[{"href":"https:\/\/litarsa.com\/es\/wp-json\/wp\/v2\/types\/page"}],"author":[{"embeddable":true,"href":"https:\/\/litarsa.com\/es\/wp-json\/wp\/v2\/users\/4"}],"replies":[{"embeddable":true,"href":"https:\/\/litarsa.com\/es\/wp-json\/wp\/v2\/comments?post=1053"}],"version-history":[{"count":14,"href":"https:\/\/litarsa.com\/es\/wp-json\/wp\/v2\/pages\/1053\/revisions"}],"predecessor-version":[{"id":1421,"href":"https:\/\/litarsa.com\/es\/wp-json\/wp\/v2\/pages\/1053\/revisions\/1421"}],"wp:attachment":[{"href":"https:\/\/litarsa.com\/es\/wp-json\/wp\/v2\/media?parent=1053"}],"curies":[{"name":"wp","href":"https:\/\/api.w.org\/{rel}","templated":true}]}}