{"id":1056,"date":"2018-02-27T13:42:19","date_gmt":"2018-02-27T13:42:19","guid":{"rendered":"https:\/\/litarsa.com\/?page_id=1056"},"modified":"2019-08-22T10:42:39","modified_gmt":"2019-08-22T10:42:39","slug":"proyecto-diablillos","status":"publish","type":"page","link":"https:\/\/litarsa.com\/es\/proyectos\/proyecto-diablillos\/","title":{"rendered":"Proyecto Belenus"},"content":{"rendered":"<p><strong>Proyecto BELENUS\u00a0 Salar de Diablillos<\/strong><\/p>\n<p>Casi 3000<strong style=\"font-size: 16px;\">\u00a0hect\u00e1reas<\/strong><span style=\"font-size: 16px;\">\u00a0de superficie y con m\u00e1s de un mill\u00f3n y medio de toneladas probadas de litio dentro del mundialmente conocido Salar de Diablillos se encuentra Litarsa, uno de los campos de extracci\u00f3n de litio m\u00e1s atractivos del mundo.<\/span><\/p>\n<div class=\"vc_col-sm-6 wpb_column column_container _ height-full\">\n<div id=\"text-block-2\" class=\"mk-text-block centrado\">\n<p>Litarsa es una empresa joven e innovadora dedicada al desarrollo de nuevas fuentes de energ\u00eda, a trav\u00e9s de Litio Argentino SA hemos adquirido los derechos de explotaci\u00f3n y exploraci\u00f3n del\u00a0<strong>Salar de Diablillos\u00a0<\/strong>poniendo as\u00ed en marcha nuestra misi\u00f3n, la cual comprende la extracci\u00f3n refinaci\u00f3n y comercializaci\u00f3n de<strong>\u00a0<a title=\"Carbonato de Litio\" href=\"https:\/\/web.archive.org\/web\/20171201154659\/https:\/\/es.wikipedia.org\/wiki\/Carbonato_de_litio\" target=\"_blank\" rel=\"noopener\">carbonato de litio<\/a><\/strong>\u00a0grado bater\u00eda, A 4000 metros sobre el nivel del mar y a 1800 kms. al norte de la provincia de Buenos Aires se encuentra ubicado el Salar de Diablillos, la estrat\u00e9gica ubicaci\u00f3n del mismo brinda a Litarsa un f\u00e1cil acceso a extensas redes de trenes y puertos.<\/p>\n<p><strong>Exploraci\u00f3n y explotaci\u00f3n<\/strong><\/p>\n<p>Geol\u00f3gicamente el salar act\u00faa como un dep\u00f3sito con forma de piscina, el proceso productivo se inicia bombeando y decantando sal muera la cual se refina hasta obtener el m\u00e1s alto nivel de pureza de carbonato de litio<br \/>\nEl proyecto Litarsa est\u00e1 dividido en dos etapas, la primera comenzara en Octubre del 2020 en donde se construir\u00e1 una planta modelo para la refinaci\u00f3n de 5000 toneladas por a\u00f1o de carbonato de litio grado bater\u00eda, esta primera etapa demandara una inversi\u00f3n de cincuenta millones de d\u00f3lares, para la segunda etapa se prev\u00e9 un incremento en la producci\u00f3n totalizando 12000 toneladas por a\u00f1o, esto se lograra al invertir ciento cincuenta millones de d\u00f3lares para la ampliaci\u00f3n de nuestra planta modelo, el Proyecto Litarsa espera generar m\u00e1s de 500 empleos directos y 1200 indirectos, as\u00ed como importantes regal\u00edas para la Provincia, de esta forma Litarsa se convertir\u00e1 en un pilar importante para el desarrollo de la econom\u00eda regional, la\u00a0combinaci\u00f3n de litio mas la intervenci\u00f3n de la industria nacional se traducir\u00e1n en productos con valor agregado para la Argentina y el mundo. Hemos firmado cartas de intenci\u00f3n para el desarrollo en conjunto de una planta modelo en\u00a0<a title=\"San Antonio de los Cobres\" href=\"https:\/\/web.archive.org\/web\/20171201154659\/https:\/\/es.wikipedia.org\/wiki\/San_Antonio_de_los_Cobres\" target=\"_blank\" rel=\"noopener\"><strong>San Antonio de los Cobres<\/strong><\/a>, en la misma se fabricaran bater\u00edas de iones de litio con el objetivo de desarrollar una industria nacional a partir de la generaci\u00f3n de productos manufacturados.<\/p>\n<\/div>\n<\/div>\n<div class=\"vc_col-sm-6 wpb_column column_container vc_custom_1490826396404 _ height-full\">\n<div id=\"text-block-3\" class=\"mk-text-block centrado\">\n<p><strong>Responsabilidad Social Empresaria<\/strong><\/p>\n<p>Litarsa ser\u00e1 el primer proyecto nacional de litio de la Argentina en contar con las certificaciones de B Corporation y Good Manufacturing Practice, enfatizando y profundizando nuestro compromiso con el medio ambiente, fomentando una miner\u00eda responsable y sustentable as\u00ed como el cumplimiento de los m\u00e1s altos est\u00e1ndares de calidad mundial, por todo esto es que nos convertiremos en el proyecto nacional minero de litio m\u00e1s importante de la regi\u00f3n, posicionando a la provincia de Salta, al pa\u00eds y a Litarsa en el epicentro del desarrollo de nuevas fuentes de energia<\/p>\n<\/div>\n<\/div>\n<h4>Ubicaci\u00f3n del Proyecto Belenus<\/h4>\n<p>La zona de inter\u00e9s se ubica sobre el sector este del Salar de Diablillos, en el borde centro oriental de la provincia geol\u00f3gica Puna (Turner 1972) y dentro de ella en la subprovincia geol\u00f3gica Puna Austral (Alonso et al. 1984a) en el l\u00edmite entre los departamentos de Antofagasta de la Sierra (Provincia de Catamarca) y Los Andes (Provincia de Salta), a lo largo del r\u00edo Diablillos que entra al salar por el sureste.<\/p>\n<p>El proyecto se encuentra ubicado, precisamente sobre las unidades morfol\u00f3gicas de Salar y Cono Aluvial del R\u00edo Diablillo. En esta regi\u00f3n, las depresiones est\u00e1n ocupadas por lagunas, salitrales o barriales, mientras que las grandes cuencas est\u00e1n ocupadas por extensos salares.<\/p>\n<p>lagunas, salitrales o barriales, mientras que las grandes cuencas est\u00e1n ocupadas por extensos salares.<\/p>\n<p>Litarsa abarca una superficie total de 2.700 hect\u00e1reas , las cuales se dividen en dos \u00e1reas colindantes, ellas son: Mina Papadopulos LVII y Mina Angelita 02. Ellas, se encuentras al este del Proyecto minero Lithium X.<\/p>\n<p>El proyecto Litarsa est\u00e1 dividido en dos etapas, la primera comenzara en Octubre del 2017 en donde se construir\u00e1 una planta modelo para la refinaci\u00f3n de 5.000 toneladas por a\u00f1o de carbonato de litio grado bater\u00eda, esta primera etapa demandara una inversi\u00f3n de cincuenta millones de d\u00f3lares, para la segunda etapa se prev\u00e9 un incremento en la producci\u00f3n totalizando 12.000 toneladas por a\u00f1o, lo cual se lograra al invertir ciento cincuenta millones de d\u00f3lares para la ampliaci\u00f3n de la planta modelo, el Proyecto Litarsa espera generar m\u00e1s de 500 empleos directos y 1.200 indirectos, as\u00ed como importantes regal\u00edas para la Provincia de Salta, de esta forma Litarsa se convertir\u00e1 en un pilar importante para el desarrollo de la econom\u00eda regional, el litio mas la industria nacional se traducir\u00e1n en productos con valor agregado para la Argentina y el mundo, se han firmado cartas de intenci\u00f3n para el desarrollo en conjunto de una planta modelo en San Antonio de los Cobres, en la misma se fabricaran bater\u00edas de iones de litio con el objetivo de desarrollar una industria nacional a partir de la generaci\u00f3n de productos que contengan valor agregado.<\/p>\n<p>La principal regi\u00f3n de litio de Am\u00e9rica del Sur se encuentra en el Altiplano de la Puna, que es de aproximadamente 2.000 km de largo por 300 km de ancho, con una altura media de 3.700 msnm, en el control de la geomorfolog\u00eda de los Andes centrales (Isacks, 1988). La meseta se superpone a un segmento de 30\u00ba al este, inmersa en la placa de Nazca.<\/p>\n<p>Es dif\u00edcil establecer un orden evapofacial para los ambientes andino, pero si se considera el actualismo como herramienta anal\u00f3gica lo que podr\u00e1 favorecer alg\u00fan entendimiento a plantearse. As\u00ed, no existe un orden facial en los actuales ambientes de los salares andinos. El Salar del Diablillo, presenta una evapofacie borat\u00edfera \u00fanica, las facies cl\u00e1sticas pedemontanas pasan directamente a boratos, pudiendo existir en algunos puntos una faja estrecha de carbonatos travertinicos (Catalano, 1964a).<\/p>\n<p>El litio se puede concentrar en dos tipos principales de dep\u00f3sitos: los dep\u00f3sitos minerales de roca dura y dep\u00f3sitos de salmuera (Garrett, 2004). Los dep\u00f3sitos de litio roca dura, por lo general se presentan como formaciones de pegmatitas debido a la alta solubilidad de litio en etapa de cristalizaci\u00f3n tard\u00eda de refrigeraci\u00f3n de magmas alcalinos. Los dep\u00f3sitos de salmuera se forman en ambientes evapor\u00edticos-deposicionales, en general obtenidos de las aguas geot\u00e9rmicas. Ambientes evapor\u00edticos-deposicionales m\u00e1s activos y\/o recientes contienen litio en peque\u00f1as concentraciones, mientras que s\u00f3lo tres dep\u00f3sitos de salmuera fueron explotadas comercialmente a partir de 2003: Salar de Atacama, Chile; Salar del Hombre Muerto, Argentina; Clayton Valley, EE.UU. (Garrett, 2004). Estos tres dep\u00f3sitos tienen las siguientes caracter\u00edsticas en com\u00fan:<\/p>\n<p>La sedimentaci\u00f3n y evaporaci\u00f3n se produjo dentro de las cuencas cerradas que generalmente forman una topogr\u00e1fica regional de baja con restringido flujo de salida. \u00b7<\/p>\n<p>La proximidad a las aguas termales que contienen litio (algunos extintos).\u00b7<\/p>\n<p>La proximidad a la actividad volc\u00e1nica en el pasado.\u00b7<\/p>\n<p>Comparativamente los altos niveles de litio todos por encima de 160 ppm Li. Informe Todd Keast Servicios Geol\u00f3gicos Inc Independiente T\u00e9cnica Diablillos Propiedad, zonas de gran altitud (&gt; 1200 M).\u00b7<\/p>\n<p>Planos de la sal de m\u00e1s de 40 kil\u00f3metros cuadrados \u00b7<\/p>\n<p>Bajas tasas de precipitaci\u00f3n y climas \u00e1ridos.\u00b7<\/p>\n<p>Las condiciones clim\u00e1ticas extremas, incluyendo las condiciones del viento y las altas diarias variaci\u00f3n de temperatura\/estacional.\u00b7<\/p>\n<p>La variaci\u00f3n en el grado de litio exhibida por estos dep\u00f3sitos de salmuera var\u00eda de aproximadamente el 100 hasta 4.000 ppm de Clayton Valley y Atacama, respectivamente.\u00b7<\/p>\n<p>El grado promedio de producci\u00f3n de Atacama, el m\u00e1s alto grado de dep\u00f3sito conocido hasta la fecha, es de aproximadamente 1.500 ppm, con reservas totales estimadas en 4,3-4,6 millones de toneladas m\u00e9tricas de Li (Garrett, 2004; Kunasz, 1994; Coad, 1984).<\/p>\n<p>El Salar del Hombre Muerto tiene un grado medio de litio de 521 ppm, que var\u00eda entre 190 a 900 ppm, y una reserva indicado de 800.000 toneladas de litio (Garrett, 2004).\u00b7<\/p>\n<p>Las salmueras se alojan en una variedad de acu\u00edferos que van desde halita a toba volc\u00e1nica de arenas no consolidadas.\u00b7<\/p>\n<p>La mineralizaci\u00f3n de los intereses de la propiedad consta de salmueras ricas del subsuelo de litio y potasio. Litio y otros elementos son lixiviados a partir de rocas volc\u00e1nicas principalmente por soluciones hidrotermales que emanan de fallas profundas. Esto tambi\u00e9n puede implicar la circulaci\u00f3n de las aguas mete\u00f3ricas dentro de sistemas de fallas.<\/p>\n<p>Tect\u00f3nica<\/p>\n<p>Como sabemos el salar del Diablillo est\u00e1 situado en la provincia geol\u00f3gica Puna, cuya estructura general responde a una tect\u00f3nica de bloques generalmente controlada por fallas inversas de alto \u00e1ngulo (Turner, 1972). Las fases tect\u00f3nicas que se sucedieron a partir de la finalizaci\u00f3n del ciclo de sedimentaci\u00f3n ne\u00f3geno (fase Diast\u00f3fica Diaguita plio-pleistoceno) y las fases ocurridas en el Cuaternario, deformaron fuertemente las secuencias evapor\u00edticas (Moya y Salfity 1982; Salfity et al., 1984; Jordan y Alonzo, 1987). Las fases deformantes fueron de car\u00e1cter compresivo y estuvieron relacionadas al acortamiento sufrido por el segmento andino. El acortamiento fue producto de la interrelaci\u00f3n de la placa pacifica subducida y la placa sudamericana cabalgante, ayudado por el intenso calentamiento de la litosfera (Isacks, 1988).<\/p>\n<p>El resultado de los esfuerzos deformantes es visible en las fajas evapor\u00edticas que afloran en las m\u00e1rgenes de algunos salares. Las evapofacies se encuentras fuertemente plegadas y pinzadas, dando en ciertos casos pliegues con crestas agudas \u00abplegamiento en fuelle\u00bb. Posiblemente la plasticidad de los materiales y la competencia entre evaporitas y no evaporitas, as\u00ed como zonas de despegue y descollament, pueden haber favorecido la presencia de dichos \u00abapilamientos salinos\u00bb. Los grandes planos de evaporitas ne\u00f3genas, est\u00e1n as\u00ed reducidos espacialmente a estrechas fajas donde se han comprimido para dar los apilamientos salinos que son una clara prueba del acortamiento horizontal sufrido por las cuencas del terciario superior.<\/p>\n<p>El mecanismo de deformaci\u00f3n comentado y la falta de una sobrecarga adecuada, impidieron la deformaci\u00f3n de verdaderos domos y diapiros, trat\u00e1ndose de acomodamientos de sal en los n\u00facleos de los pliegues (Alonso et al., 1984b)<\/p>\n<p>El Proyecto Belenus en el Salar de Diablillos se encuentra en Fase 2, pruebas de perforaci\u00f3n y muestreo fueron conducidas por la consultora Rojas y Asociados a fin de obtener el IN 43\/101. A consecuencia de los resultados positivos sobre las tareas de muestreo se prosigue con la instalaci\u00f3n de facilidades y equipamiento de extracci\u00f3n, esperando a finales de 2019 comenzar con una producci\u00f3n inicial de 2000 toneladas anuales de carbonato de litio.<\/p>\n<p>En la proyecci\u00f3n industrial Litarsa ha firmado acuerdos de cooperaci\u00f3n tecnol\u00f3gica con los especialistas mas id\u00f3neos de la materia.<\/p>\n<p>Litarsa\u00a0 se encamina a ejecutar un ciclo cerrado, integrando la extracci\u00f3n, refinamiento y producci\u00f3n de carbonato e litio de m\u00e1xima pureza, destinado a la manufactura de bater\u00edas de almacenamiento, para lo cual ya est\u00e1 en v\u00eda de construcci\u00f3n una planta piloto localizado en la misma Provincia de Salta.<\/p>\n","protected":false},"excerpt":{"rendered":"<p>Proyecto BELENUS\u00a0 Salar de Diablillos Casi 3000\u00a0hect\u00e1reas\u00a0de superficie y con m\u00e1s de un mill\u00f3n y medio de toneladas probadas de litio dentro del mundialmente conocido Salar<span class=\"excerpt-hellip\"> [\u2026]<\/span><\/p>\n","protected":false},"author":4,"featured_media":0,"parent":1053,"menu_order":0,"comment_status":"closed","ping_status":"closed","template":"","meta":{"footnotes":""},"class_list":["post-1056","page","type-page","status-publish","hentry"],"_links":{"self":[{"href":"https:\/\/litarsa.com\/es\/wp-json\/wp\/v2\/pages\/1056","targetHints":{"allow":["GET"]}}],"collection":[{"href":"https:\/\/litarsa.com\/es\/wp-json\/wp\/v2\/pages"}],"about":[{"href":"https:\/\/litarsa.com\/es\/wp-json\/wp\/v2\/types\/page"}],"author":[{"embeddable":true,"href":"https:\/\/litarsa.com\/es\/wp-json\/wp\/v2\/users\/4"}],"replies":[{"embeddable":true,"href":"https:\/\/litarsa.com\/es\/wp-json\/wp\/v2\/comments?post=1056"}],"version-history":[{"count":17,"href":"https:\/\/litarsa.com\/es\/wp-json\/wp\/v2\/pages\/1056\/revisions"}],"predecessor-version":[{"id":1658,"href":"https:\/\/litarsa.com\/es\/wp-json\/wp\/v2\/pages\/1056\/revisions\/1658"}],"up":[{"embeddable":true,"href":"https:\/\/litarsa.com\/es\/wp-json\/wp\/v2\/pages\/1053"}],"wp:attachment":[{"href":"https:\/\/litarsa.com\/es\/wp-json\/wp\/v2\/media?parent=1056"}],"curies":[{"name":"wp","href":"https:\/\/api.w.org\/{rel}","templated":true}]}}