{"id":1160,"date":"2018-03-13T19:07:11","date_gmt":"2018-03-13T19:07:11","guid":{"rendered":"https:\/\/litarsa.com\/?page_id=1160"},"modified":"2025-09-24T19:25:50","modified_gmt":"2025-09-24T19:25:50","slug":"inicio","status":"publish","type":"page","link":"https:\/\/litarsa.com\/es\/","title":{"rendered":"Inicio"},"content":{"rendered":"<p>Centralizada en la\u00a0<a href=\"https:\/\/web.archive.org\/web\/20170404221257\/https:\/\/es.wikipedia.org\/wiki\/Provincia_de_Salta\" target=\"_blank\" rel=\"noopener\"><strong>Provincia de Salta<\/strong><\/a>, Litarsa es la primera empresa de\u00a0<strong>capitales exclusivamente argentinos<\/strong>\u00a0dedicada a la exploraci\u00f3n, explotaci\u00f3n y producci\u00f3n de yacimientos de litio en la Rep\u00fablica Argentina.<br \/>\nNuestro emprendimiento est\u00e1 dirigido a proveer al mercado global con un producto \u00fanico en su especie, el\u00a0<strong><a title=\"Carbonato de Litio\" href=\"https:\/\/web.archive.org\/web\/20170404221257\/https:\/\/es.wikipedia.org\/wiki\/Carbonato_de_litio\" target=\"_blank\" rel=\"noopener\">carbonato de litio<\/a><\/strong>\u00a0grado bateria, utilizando para esto tecnolog\u00eda de vanguardia y desarrollos constantes.<\/p>\n<p>El proyecto\u00a0<strong>Litarsa<\/strong>\u00a0es una iniciativa privada que pudo concretarse gracias a la dedicaci\u00f3n, gesti\u00f3n y participaci\u00f3n de un equipo de personas que fueron seleccionadas por poseer la mayor experiencia en cada \u00e1rea de producci\u00f3n.<\/p>\n<p>Nuestros recursos humanos constituyen la columna vertebral de la empresa, hombres y mujeres que sin descanso permanentemente se proponen nuevas metas de desarrollo y estudio, haciendo posible de esta manera que Litarsa sea la empresa numero uno en la Argentina en extracci\u00f3n, procesamiento de litio y sus derivados.<\/p>\n<p>En Litarsa contamos con la log\u00edstica necesaria para llegar a cualquier punto del territorio argentino y del mundo, podemos atender las necesidades puntuales de industrias, gobiernos y particulares.<\/p>\n<p>Litarsa tiene la fuerte convicci\u00f3n de que el asesoramiento y una atenci\u00f3n personalizada pueden marcar el inicio de una verdadera y fruct\u00edfera relaci\u00f3n mutua, marcando as\u00ed el camino hacia una miner\u00eda sustentable que garantice nuestro proyecto en el largo plazo.<\/p>\n<p>Ante cualquier consulta no dude en contactarnos, un especialista del \u00e1rea esta listo para responder a todas sus inquietudes, t\u00e9cnicas o comerciales, para brindarle las respuestas a sus inquietudes.<\/p>\n","protected":false},"excerpt":{"rendered":"<p>Centralizada en la\u00a0Provincia de Salta, Litarsa es la primera empresa de\u00a0capitales exclusivamente argentinos\u00a0dedicada a la exploraci\u00f3n, explotaci\u00f3n y producci\u00f3n de yacimientos de litio en la Rep\u00fablica<span class=\"excerpt-hellip\"> [\u2026]<\/span><\/p>\n","protected":false},"author":2,"featured_media":0,"parent":0,"menu_order":0,"comment_status":"closed","ping_status":"closed","template":"","meta":{"footnotes":""},"class_list":["post-1160","page","type-page","status-publish","hentry"],"_links":{"self":[{"href":"https:\/\/litarsa.com\/es\/wp-json\/wp\/v2\/pages\/1160","targetHints":{"allow":["GET"]}}],"collection":[{"href":"https:\/\/litarsa.com\/es\/wp-json\/wp\/v2\/pages"}],"about":[{"href":"https:\/\/litarsa.com\/es\/wp-json\/wp\/v2\/types\/page"}],"author":[{"embeddable":true,"href":"https:\/\/litarsa.com\/es\/wp-json\/wp\/v2\/users\/2"}],"replies":[{"embeddable":true,"href":"https:\/\/litarsa.com\/es\/wp-json\/wp\/v2\/comments?post=1160"}],"version-history":[{"count":21,"href":"https:\/\/litarsa.com\/es\/wp-json\/wp\/v2\/pages\/1160\/revisions"}],"predecessor-version":[{"id":1666,"href":"https:\/\/litarsa.com\/es\/wp-json\/wp\/v2\/pages\/1160\/revisions\/1666"}],"wp:attachment":[{"href":"https:\/\/litarsa.com\/es\/wp-json\/wp\/v2\/media?parent=1160"}],"curies":[{"name":"wp","href":"https:\/\/api.w.org\/{rel}","templated":true}]}}